{"id":223,"date":"2025-10-25T18:02:01","date_gmt":"2025-10-25T16:02:01","guid":{"rendered":"https:\/\/lfgab.net\/tss\/?page_id=223"},"modified":"2025-10-27T19:07:07","modified_gmt":"2025-10-27T18:07:07","slug":"langues","status":"publish","type":"page","link":"https:\/\/tiktokwestafricasafetysummit.com\/en\/langues\/","title":{"rendered":"Langues"},"content":{"rendered":"<div data-elementor-type=\"wp-page\" data-elementor-id=\"223\" class=\"elementor elementor-223\" data-elementor-post-type=\"page\">\n\t\t\t\t<div class=\"elementor-element elementor-element-cb5db9a e-con-full e-flex e-con e-parent\" data-id=\"cb5db9a\" data-element_type=\"container\" data-e-type=\"container\" data-settings=\"{&quot;background_background&quot;:&quot;classic&quot;}\">\n\t\t<div class=\"elementor-element elementor-element-4da4b27b e-flex e-con-boxed e-con e-child\" data-id=\"4da4b27b\" data-element_type=\"container\" data-e-type=\"container\">\n\t\t\t\t\t<div class=\"e-con-inner\">\n\t\t<div class=\"elementor-element elementor-element-13a5d20b e-con-full e-flex e-con e-child\" data-id=\"13a5d20b\" data-element_type=\"container\" data-e-type=\"container\">\n\t\t<div class=\"elementor-element elementor-element-1c4166b0 e-con-full e-flex e-con e-child\" data-id=\"1c4166b0\" data-element_type=\"container\" data-e-type=\"container\">\n\t\t\t\t<div class=\"elementor-element elementor-element-40ee3b9f elementor-widget elementor-widget-heading\" data-id=\"40ee3b9f\" data-element_type=\"widget\" data-e-type=\"widget\" data-widget_type=\"heading.default\">\n\t\t\t\t\t<h4 class=\"elementor-heading-title elementor-size-default\">WELCOME TO THE TIKTOK SAFETY SUMMIT<\/h4>\t\t\t\t<\/div>\n\t\t\t\t<div class=\"elementor-element elementor-element-8a9404f elementor-widget elementor-widget-image\" data-id=\"8a9404f\" data-element_type=\"widget\" data-e-type=\"widget\" data-widget_type=\"image.default\">\n\t\t\t\t\t\t\t\t\t\t\t\t\t\t\t<img fetchpriority=\"high\" decoding=\"async\" width=\"800\" height=\"217\" src=\"https:\/\/tiktokwestafricasafetysummit.com\/wp-content\/uploads\/2025\/10\/Logo.png\" class=\"attachment-large size-large wp-image-34\" alt=\"Logo\" srcset=\"https:\/\/tiktokwestafricasafetysummit.com\/wp-content\/uploads\/2025\/10\/Logo.png 944w, https:\/\/tiktokwestafricasafetysummit.com\/wp-content\/uploads\/2025\/10\/Logo-300x81.png 300w, https:\/\/tiktokwestafricasafetysummit.com\/wp-content\/uploads\/2025\/10\/Logo-768x208.png 768w\" sizes=\"(max-width: 800px) 100vw, 800px\" \/>\t\t\t\t\t\t\t\t\t\t\t\t\t\t\t<\/div>\n\t\t\t\t<\/div>\n\t\t<div class=\"elementor-element elementor-element-3f7f9e0a e-con-full e-flex e-con e-child\" data-id=\"3f7f9e0a\" data-element_type=\"container\" data-e-type=\"container\">\n\t\t\t\t<div class=\"elementor-element elementor-element-e9f02ff elementor-widget elementor-widget-heading\" data-id=\"e9f02ff\" data-element_type=\"widget\" data-e-type=\"widget\" data-widget_type=\"heading.default\">\n\t\t\t\t\t<h4 class=\"elementor-heading-title elementor-size-default\">EMPOWERING VOICES, SHAPING FUTURES<\/h4>\t\t\t\t<\/div>\n\t\t\t\t<\/div>\n\t\t<div class=\"elementor-element elementor-element-f17689c e-con-full e-flex e-con e-child\" data-id=\"f17689c\" data-element_type=\"container\" data-e-type=\"container\">\n\t\t<div class=\"elementor-element elementor-element-56ce2b1c e-con-full e-flex e-con e-child\" data-id=\"56ce2b1c\" data-element_type=\"container\" data-e-type=\"container\">\n\t\t\t\t<div class=\"elementor-element elementor-element-27381f74 img-box elementor-widget elementor-widget-image\" data-id=\"27381f74\" data-element_type=\"widget\" data-e-type=\"widget\" data-widget_type=\"image.default\">\n\t\t\t\t\t\t\t\t\t\t\t\t\t\t\t<img decoding=\"async\" width=\"26\" height=\"25\" src=\"https:\/\/tiktokwestafricasafetysummit.com\/wp-content\/uploads\/2025\/10\/Frame-2.png\" class=\"attachment-large size-large wp-image-39\" alt=\"\" \/>\t\t\t\t\t\t\t\t\t\t\t\t\t\t\t<\/div>\n\t\t\t\t<div class=\"elementor-element elementor-element-319fb493 elementor-widget elementor-widget-heading\" data-id=\"319fb493\" data-element_type=\"widget\" data-e-type=\"widget\" data-widget_type=\"heading.default\">\n\t\t\t\t\t<p class=\"elementor-heading-title elementor-size-default\">November 18, 2025<\/p>\t\t\t\t<\/div>\n\t\t\t\t<\/div>\n\t\t<div class=\"elementor-element elementor-element-6b112779 e-con-full e-flex e-con e-child\" data-id=\"6b112779\" data-element_type=\"container\" data-e-type=\"container\">\n\t\t\t\t<div class=\"elementor-element elementor-element-718f1fb9 img-box elementor-widget elementor-widget-image\" data-id=\"718f1fb9\" data-element_type=\"widget\" data-e-type=\"widget\" data-widget_type=\"image.default\">\n\t\t\t\t\t\t\t\t\t\t\t\t\t\t\t<img decoding=\"async\" width=\"29\" height=\"25\" src=\"https:\/\/tiktokwestafricasafetysummit.com\/wp-content\/uploads\/2025\/10\/Frame-5.png\" class=\"attachment-large size-large wp-image-43\" alt=\"\" \/>\t\t\t\t\t\t\t\t\t\t\t\t\t\t\t<\/div>\n\t\t\t\t<div class=\"elementor-element elementor-element-2bbdfc22 elementor-widget elementor-widget-heading\" data-id=\"2bbdfc22\" data-element_type=\"widget\" data-e-type=\"widget\" data-widget_type=\"heading.default\">\n\t\t\t\t\t<p class=\"elementor-heading-title elementor-size-default\">Hotel Terrou-Bi, Dakar, Senegal<\/p>\t\t\t\t<\/div>\n\t\t\t\t<\/div>\n\t\t\t\t<\/div>\n\t\t<div class=\"elementor-element elementor-element-899febe e-con-full e-flex e-con e-child\" data-id=\"899febe\" data-element_type=\"container\" data-e-type=\"container\">\n\t\t\t\t<div class=\"elementor-element elementor-element-5a11b633 elementor-align-center elementor-widget elementor-widget-button\" data-id=\"5a11b633\" data-element_type=\"widget\" data-e-type=\"widget\" data-widget_type=\"button.default\">\n\t\t\t\t\t\t\t\t\t\t<a class=\"elementor-button elementor-button-link elementor-size-sm\" href=\"https:\/\/tiktokwestafricasafetysummit.com\/en\/inscription\/\">\n\t\t\t\t\t\t<span class=\"elementor-button-content-wrapper\">\n\t\t\t\t\t\t<span class=\"elementor-button-icon\">\n\t\t\t\t<svg aria-hidden=\"true\" class=\"e-font-icon-svg e-fas-arrow-right\" viewbox=\"0 0 448 512\" xmlns=\"http:\/\/www.w3.org\/2000\/svg\"><path d=\"M190.5 66.9l22.2-22.2c9.4-9.4 24.6-9.4 33.9 0L441 239c9.4 9.4 9.4 24.6 0 33.9L246.6 467.3c-9.4 9.4-24.6 9.4-33.9 0l-22.2-22.2c-9.5-9.5-9.3-25 .4-34.3L311.4 296H24c-13.3 0-24-10.7-24-24v-32c0-13.3 10.7-24 24-24h287.4L190.9 101.2c-9.8-9.3-10-24.8-.4-34.3z\"><\/path><\/svg>\t\t\t<\/span>\n\t\t\t\t\t\t\t\t\t<span class=\"elementor-button-text\">Confirm my participation<\/span>\n\t\t\t\t\t<\/span>\n\t\t\t\t\t<\/a>\n\t\t\t\t\t\t\t\t<\/div>\n\t\t\t\t<\/div>\n\t\t\t\t<\/div>\n\t\t\t\t\t<\/div>\n\t\t\t\t<\/div>\n\t\t\t\t<\/div>\n\t\t\t\t<\/div>","protected":false},"excerpt":{"rendered":"<p>BIENVENUE AU TIKTOK SAFETY SUMMIT RENFORCER LES VOIX, FA\u00c7ONNER LES AVENIRS. 18 Novembre 2025 H\u00f4tel Terrou-Bi, Dakar, S\u00e9n\u00e9gal Confirmer ma participation<\/p>","protected":false},"author":1,"featured_media":0,"parent":0,"menu_order":0,"comment_status":"closed","ping_status":"closed","template":"","meta":{"footnotes":""},"class_list":["post-223","page","type-page","status-publish","hentry"],"yoast_head":"<!-- This site is optimized with the Yoast SEO plugin v27.4 - https:\/\/yoast.com\/product\/yoast-seo-wordpress\/ -->\n<title>Langues - TikTok Safety Summit<\/title>\n<meta name=\"robots\" content=\"index, follow, max-snippet:-1, max-image-preview:large, max-video-preview:-1\" \/>\n<link rel=\"canonical\" href=\"https:\/\/tiktokwestafricasafetysummit.com\/en\/langues\/\" \/>\n<meta property=\"og:locale\" content=\"en_US\" \/>\n<meta property=\"og:type\" content=\"article\" \/>\n<meta property=\"og:title\" content=\"Langues - TikTok Safety Summit\" \/>\n<meta property=\"og:description\" content=\"BIENVENUE AU TIKTOK SAFETY SUMMIT RENFORCER LES VOIX, FA\u00c7ONNER LES AVENIRS. 18 Novembre 2025 H\u00f4tel Terrou-Bi, Dakar, S\u00e9n\u00e9gal Confirmer ma participation\" \/>\n<meta property=\"og:url\" content=\"https:\/\/tiktokwestafricasafetysummit.com\/en\/langues\/\" \/>\n<meta property=\"og:site_name\" content=\"TikTok Safety Summit\" \/>\n<meta property=\"article:modified_time\" content=\"2025-10-27T18:07:07+00:00\" \/>\n<meta property=\"og:image\" content=\"https:\/\/tiktokwestafricasafetysummit.com\/wp-content\/uploads\/2025\/10\/Logo.png\" \/>\n\t<meta property=\"og:image:width\" content=\"944\" \/>\n\t<meta property=\"og:image:height\" content=\"256\" \/>\n\t<meta property=\"og:image:type\" content=\"image\/png\" \/>\n<meta name=\"twitter:card\" content=\"summary_large_image\" \/>\n<meta name=\"twitter:label1\" content=\"Est. reading time\" \/>\n\t<meta name=\"twitter:data1\" content=\"1 minute\" \/>\n<script type=\"application\/ld+json\" class=\"yoast-schema-graph\">{\"@context\":\"https:\\\/\\\/schema.org\",\"@graph\":[{\"@type\":\"WebPage\",\"@id\":\"https:\\\/\\\/tiktokwestafricasafetysummit.com\\\/langues\\\/\",\"url\":\"https:\\\/\\\/tiktokwestafricasafetysummit.com\\\/langues\\\/\",\"name\":\"Langues - TikTok Safety Summit\",\"isPartOf\":{\"@id\":\"https:\\\/\\\/tiktokwestafricasafetysummit.com\\\/#website\"},\"primaryImageOfPage\":{\"@id\":\"https:\\\/\\\/tiktokwestafricasafetysummit.com\\\/langues\\\/#primaryimage\"},\"image\":{\"@id\":\"https:\\\/\\\/tiktokwestafricasafetysummit.com\\\/langues\\\/#primaryimage\"},\"thumbnailUrl\":\"https:\\\/\\\/tiktokwestafricasafetysummit.com\\\/wp-content\\\/uploads\\\/2025\\\/10\\\/Logo.png\",\"datePublished\":\"2025-10-25T16:02:01+00:00\",\"dateModified\":\"2025-10-27T18:07:07+00:00\",\"breadcrumb\":{\"@id\":\"https:\\\/\\\/tiktokwestafricasafetysummit.com\\\/langues\\\/#breadcrumb\"},\"inLanguage\":\"en-US\",\"potentialAction\":[{\"@type\":\"ReadAction\",\"target\":[\"https:\\\/\\\/tiktokwestafricasafetysummit.com\\\/langues\\\/\"]}]},{\"@type\":\"ImageObject\",\"inLanguage\":\"en-US\",\"@id\":\"https:\\\/\\\/tiktokwestafricasafetysummit.com\\\/langues\\\/#primaryimage\",\"url\":\"https:\\\/\\\/tiktokwestafricasafetysummit.com\\\/wp-content\\\/uploads\\\/2025\\\/10\\\/Logo.png\",\"contentUrl\":\"https:\\\/\\\/tiktokwestafricasafetysummit.com\\\/wp-content\\\/uploads\\\/2025\\\/10\\\/Logo.png\"},{\"@type\":\"BreadcrumbList\",\"@id\":\"https:\\\/\\\/tiktokwestafricasafetysummit.com\\\/langues\\\/#breadcrumb\",\"itemListElement\":[{\"@type\":\"ListItem\",\"position\":1,\"name\":\"Home\",\"item\":\"https:\\\/\\\/tiktokwestafricasafetysummit.com\\\/\"},{\"@type\":\"ListItem\",\"position\":2,\"name\":\"Langues\"}]},{\"@type\":\"WebSite\",\"@id\":\"https:\\\/\\\/tiktokwestafricasafetysummit.com\\\/#website\",\"url\":\"https:\\\/\\\/tiktokwestafricasafetysummit.com\\\/\",\"name\":\"TikTok Safety Summit\",\"description\":\"Rejoignez les experts, leaders de la soci\u00e9t\u00e9 civile et d\u00e9cideurs politiques pour adresser les d\u00e9fis de la s\u00e9curit\u00e9 en ligne en Afrique de l&#039;Ouest\",\"potentialAction\":[{\"@type\":\"SearchAction\",\"target\":{\"@type\":\"EntryPoint\",\"urlTemplate\":\"https:\\\/\\\/tiktokwestafricasafetysummit.com\\\/?s={search_term_string}\"},\"query-input\":{\"@type\":\"PropertyValueSpecification\",\"valueRequired\":true,\"valueName\":\"search_term_string\"}}],\"inLanguage\":\"en-US\"}]}<\/script>\n<!-- \/ Yoast SEO plugin. -->","yoast_head_json":{"title":"Langues - TikTok Safety Summit","robots":{"index":"index","follow":"follow","max-snippet":"max-snippet:-1","max-image-preview":"max-image-preview:large","max-video-preview":"max-video-preview:-1"},"canonical":"https:\/\/tiktokwestafricasafetysummit.com\/en\/langues\/","og_locale":"en_US","og_type":"article","og_title":"Langues - TikTok Safety Summit","og_description":"BIENVENUE AU TIKTOK SAFETY SUMMIT RENFORCER LES VOIX, FA\u00c7ONNER LES AVENIRS. 18 Novembre 2025 H\u00f4tel Terrou-Bi, Dakar, S\u00e9n\u00e9gal Confirmer ma participation","og_url":"https:\/\/tiktokwestafricasafetysummit.com\/en\/langues\/","og_site_name":"TikTok Safety Summit","article_modified_time":"2025-10-27T18:07:07+00:00","og_image":[{"width":944,"height":256,"url":"https:\/\/tiktokwestafricasafetysummit.com\/wp-content\/uploads\/2025\/10\/Logo.png","type":"image\/png"}],"twitter_card":"summary_large_image","twitter_misc":{"Est. reading time":"1 minute"},"schema":{"@context":"https:\/\/schema.org","@graph":[{"@type":"WebPage","@id":"https:\/\/tiktokwestafricasafetysummit.com\/langues\/","url":"https:\/\/tiktokwestafricasafetysummit.com\/langues\/","name":"Langues - TikTok Safety Summit","isPartOf":{"@id":"https:\/\/tiktokwestafricasafetysummit.com\/#website"},"primaryImageOfPage":{"@id":"https:\/\/tiktokwestafricasafetysummit.com\/langues\/#primaryimage"},"image":{"@id":"https:\/\/tiktokwestafricasafetysummit.com\/langues\/#primaryimage"},"thumbnailUrl":"https:\/\/tiktokwestafricasafetysummit.com\/wp-content\/uploads\/2025\/10\/Logo.png","datePublished":"2025-10-25T16:02:01+00:00","dateModified":"2025-10-27T18:07:07+00:00","breadcrumb":{"@id":"https:\/\/tiktokwestafricasafetysummit.com\/langues\/#breadcrumb"},"inLanguage":"en-US","potentialAction":[{"@type":"ReadAction","target":["https:\/\/tiktokwestafricasafetysummit.com\/langues\/"]}]},{"@type":"ImageObject","inLanguage":"en-US","@id":"https:\/\/tiktokwestafricasafetysummit.com\/langues\/#primaryimage","url":"https:\/\/tiktokwestafricasafetysummit.com\/wp-content\/uploads\/2025\/10\/Logo.png","contentUrl":"https:\/\/tiktokwestafricasafetysummit.com\/wp-content\/uploads\/2025\/10\/Logo.png"},{"@type":"BreadcrumbList","@id":"https:\/\/tiktokwestafricasafetysummit.com\/langues\/#breadcrumb","itemListElement":[{"@type":"ListItem","position":1,"name":"Home","item":"https:\/\/tiktokwestafricasafetysummit.com\/"},{"@type":"ListItem","position":2,"name":"Langues"}]},{"@type":"WebSite","@id":"https:\/\/tiktokwestafricasafetysummit.com\/#website","url":"https:\/\/tiktokwestafricasafetysummit.com\/","name":"TikTok Safety Summit","description":"Rejoignez les experts, leaders de la soci\u00e9t\u00e9 civile et d\u00e9cideurs politiques pour adresser les d\u00e9fis de la s\u00e9curit\u00e9 en ligne en Afrique de l&#039;Ouest","potentialAction":[{"@type":"SearchAction","target":{"@type":"EntryPoint","urlTemplate":"https:\/\/tiktokwestafricasafetysummit.com\/?s={search_term_string}"},"query-input":{"@type":"PropertyValueSpecification","valueRequired":true,"valueName":"search_term_string"}}],"inLanguage":"en-US"}]}},"_links":{"self":[{"href":"https:\/\/tiktokwestafricasafetysummit.com\/en\/wp-json\/wp\/v2\/pages\/223","targetHints":{"allow":["GET"]}}],"collection":[{"href":"https:\/\/tiktokwestafricasafetysummit.com\/en\/wp-json\/wp\/v2\/pages"}],"about":[{"href":"https:\/\/tiktokwestafricasafetysummit.com\/en\/wp-json\/wp\/v2\/types\/page"}],"author":[{"embeddable":true,"href":"https:\/\/tiktokwestafricasafetysummit.com\/en\/wp-json\/wp\/v2\/users\/1"}],"replies":[{"embeddable":true,"href":"https:\/\/tiktokwestafricasafetysummit.com\/en\/wp-json\/wp\/v2\/comments?post=223"}],"version-history":[{"count":49,"href":"https:\/\/tiktokwestafricasafetysummit.com\/en\/wp-json\/wp\/v2\/pages\/223\/revisions"}],"predecessor-version":[{"id":530,"href":"https:\/\/tiktokwestafricasafetysummit.com\/en\/wp-json\/wp\/v2\/pages\/223\/revisions\/530"}],"wp:attachment":[{"href":"https:\/\/tiktokwestafricasafetysummit.com\/en\/wp-json\/wp\/v2\/media?parent=223"}],"curies":[{"name":"wp","href":"https:\/\/api.w.org\/{rel}","templated":true}]}}