{"id":107,"date":"2025-10-22T23:09:37","date_gmt":"2025-10-22T21:09:37","guid":{"rendered":"https:\/\/lfgab.net\/tss\/?page_id=107"},"modified":"2025-10-28T12:05:41","modified_gmt":"2025-10-28T11:05:41","slug":"inscription","status":"publish","type":"page","link":"https:\/\/tiktokwestafricasafetysummit.com\/en\/inscription\/","title":{"rendered":"Inscription"},"content":{"rendered":"<div data-elementor-type=\"wp-page\" data-elementor-id=\"107\" class=\"elementor elementor-107\" data-elementor-post-type=\"page\">\n\t\t\t\t<div class=\"elementor-element elementor-element-6d1898f e-con-full e-flex e-con e-parent\" data-id=\"6d1898f\" data-element_type=\"container\" data-e-type=\"container\" data-settings=\"{&quot;background_background&quot;:&quot;classic&quot;}\">\n\t\t<div class=\"elementor-element elementor-element-54ab41b e-con-full e-flex e-con e-child\" data-id=\"54ab41b\" data-element_type=\"container\" data-e-type=\"container\">\n\t\t<div class=\"elementor-element elementor-element-e0bec7e e-con-full e-flex e-con e-child\" data-id=\"e0bec7e\" data-element_type=\"container\" data-e-type=\"container\">\n\t\t\t\t<div class=\"elementor-element elementor-element-505bfde elementor-widget elementor-widget-heading\" data-id=\"505bfde\" data-element_type=\"widget\" data-e-type=\"widget\" data-widget_type=\"heading.default\">\n\t\t\t\t\t<h4 class=\"elementor-heading-title elementor-size-default\">Confirmez votre participation<\/h4>\t\t\t\t<\/div>\n\t\t\t\t<div class=\"elementor-element elementor-element-314bf49 elementor-widget elementor-widget-heading\" data-id=\"314bf49\" data-element_type=\"widget\" data-e-type=\"widget\" data-widget_type=\"heading.default\">\n\t\t\t\t\t<h5 class=\"elementor-heading-title elementor-size-default\">Please complete the fields below to register.<\/h5>\t\t\t\t<\/div>\n\t\t\t\t<\/div>\n\t\t<div class=\"elementor-element elementor-element-20ad1d0 e-con-full e-flex e-con e-child\" data-id=\"20ad1d0\" data-element_type=\"container\" data-e-type=\"container\" data-settings=\"{&quot;background_background&quot;:&quot;classic&quot;}\">\n\t\t\t\t<div class=\"elementor-element elementor-element-5ab708e elementor-button-align-center elementor-widget elementor-widget-form\" data-id=\"5ab708e\" data-element_type=\"widget\" data-e-type=\"widget\" data-settings=\"{&quot;step_next_label&quot;:&quot;Next&quot;,&quot;step_previous_label&quot;:&quot;Previous&quot;,&quot;button_width&quot;:&quot;100&quot;,&quot;step_type&quot;:&quot;number_text&quot;,&quot;step_icon_shape&quot;:&quot;circle&quot;}\" data-widget_type=\"form.default\">\n\t\t\t\t\t        <input type=\"hidden\" class=\"conditional_logic_data_js hidden\" data-form-id=\"Formulaire d&#039;inscription\" value=\"{&quot;field_c65d67f&quot;:{&quot;display&quot;:&quot;show&quot;,&quot;trigger&quot;:&quot;ALL&quot;,&quot;datas&quot;:[{&quot;conditional_logic_id&quot;:&quot;field_020edfb&quot;,&quot;conditional_logic_operator&quot;:&quot;==&quot;,&quot;conditional_logic_value&quot;:&quot;Autre&quot;,&quot;_id&quot;:&quot;c9560fd&quot;}]},&quot;field_1c1c6ec&quot;:{&quot;display&quot;:&quot;show&quot;,&quot;trigger&quot;:&quot;ALL&quot;,&quot;datas&quot;:[{&quot;conditional_logic_id&quot;:&quot;field_dc42e4e&quot;,&quot;conditional_logic_operator&quot;:&quot;==&quot;,&quot;conditional_logic_value&quot;:&quot;Autre&quot;,&quot;_id&quot;:&quot;c9560fd&quot;}]}}\" \/>\r\n\t\t<form class=\"elementor-form\" method=\"post\" name=\"Formulaire d&#039;inscription\" aria-label=\"Formulaire d&#039;inscription\" action=\"\">\n\t\t\t<input type=\"hidden\" name=\"post_id\" value=\"107\"\/>\n\t\t\t<input type=\"hidden\" name=\"form_id\" value=\"5ab708e\"\/>\n\t\t\t<input type=\"hidden\" name=\"referer_title\" value=\"TikTok Safety Summit\" \/>\n\n\t\t\t\n\t\t\t<div class=\"elementor-form-fields-wrapper elementor-labels-above\">\n\t\t\t\t\t\t\t\t<div class=\"elementor-field-type-text elementor-field-group elementor-column elementor-field-group-name elementor-col-25 elementor-field-required elementor-mark-required\">\n\t\t\t\t\t\t\t\t\t\t\t\t<label for=\"form-field-name\" class=\"elementor-field-label\">\n\t\t\t\t\t\t\t\tFirst name \t\t\t\t\t\t\t<\/label>\n\t\t\t\t\t\t\t\t\t\t\t\t\t\t<input size=\"1\" type=\"text\" name=\"form_fields[name]\" id=\"form-field-name\" class=\"elementor-field elementor-size-sm  elementor-field-textual\" placeholder=\"First name \" required=\"required\">\n\t\t\t\t\t\t\t\t\t\t\t<\/div>\n\t\t\t\t\t\t\t\t<div class=\"elementor-field-type-text elementor-field-group elementor-column elementor-field-group-field_c85fa4c elementor-col-25 elementor-field-required elementor-mark-required\">\n\t\t\t\t\t\t\t\t\t\t\t\t<label for=\"form-field-field_c85fa4c\" class=\"elementor-field-label\">\n\t\t\t\t\t\t\t\tLast name\t\t\t\t\t\t\t<\/label>\n\t\t\t\t\t\t\t\t\t\t\t\t\t\t<input size=\"1\" type=\"text\" name=\"form_fields[field_c85fa4c]\" id=\"form-field-field_c85fa4c\" class=\"elementor-field elementor-size-sm  elementor-field-textual\" placeholder=\"Last name\" required=\"required\">\n\t\t\t\t\t\t\t\t\t\t\t<\/div>\n\t\t\t\t\t\t\t\t<div class=\"elementor-field-type-telephone elementor-field-group elementor-column elementor-field-group-field_45e6c3d elementor-col-25 elementor-field-required elementor-mark-required\">\n\t\t\t\t\t\t\t\t\t\t\t\t<label for=\"form-field-field_45e6c3d\" class=\"elementor-field-label\">\n\t\t\t\t\t\t\t\tMobile Number\t\t\t\t\t\t\t<\/label>\n\t\t\t\t\t\t\t\t<input dir=\"ltr\" type=\"text\" name=\"change_name_field_45e6c3d\" id=\"form-field-field_45e6c3d\" class=\"elementor-field elementor-size-sm  elementor-field-telephone elementor-field-textual yee-ltr\" required=\"required\" data-pre=\"sn|fr|us\" data-excludecountries=\"\" data-onlyct=\"\" data-defcountry=\"sn\" data-hide_flag=\"yes\" data-hide_code=\"\" data-validation=\"yes\" data-name=\"field_45e6c3d\" data-telephone_search=\"\" >\n\t\t<input onkeydown=\"return \/[0-9]|\\(|\\)|\\+|-|BACKSPACE\/i.test(event.key)\" type=\"hidden\" class=\"phone_check\" name=\"form_fields[field_45e6c3d_check]\" value=\"\" >\n\t\t\t\t\t\t<\/div>\n\t\t\t\t\t\t\t\t<div class=\"elementor-field-type-select elementor-field-group elementor-column elementor-field-group-field_020edfb elementor-col-25 elementor-field-required elementor-mark-required\">\n\t\t\t\t\t\t\t\t\t\t\t\t<label for=\"form-field-field_020edfb\" class=\"elementor-field-label\">\n\t\t\t\t\t\t\t\tCategory\t\t\t\t\t\t\t<\/label>\n\t\t\t\t\t\t\t\t<div class=\"elementor-field elementor-select-wrapper remove-before\">\n\t\t\t<div class=\"select-caret-down-wrapper\">\n\t\t\t\t<svg aria-hidden=\"true\" class=\"e-font-icon-svg e-eicon-caret-down\" viewbox=\"0 0 571.4 571.4\" xmlns=\"http:\/\/www.w3.org\/2000\/svg\"><path d=\"M571 393Q571 407 561 418L311 668Q300 679 286 679T261 668L11 418Q0 407 0 393T11 368 36 357H536Q550 357 561 368T571 393Z\"><\/path><\/svg>\t\t\t<\/div>\n\t\t\t<select name=\"form_fields[field_020edfb]\" id=\"form-field-field_020edfb\" class=\"elementor-field-textual elementor-size-sm\" required=\"required\">\n\t\t\t\t\t\t\t\t\t<option value=\"ONG\">NGO<\/option>\n\t\t\t\t\t\t\t\t\t<option value=\"Chercheur\">Researcher<\/option>\n\t\t\t\t\t\t\t\t\t<option value=\"Media\">Media<\/option>\n\t\t\t\t\t\t\t\t\t<option value=\"Cr\u00e9ateur\">Creator<\/option>\n\t\t\t\t\t\t\t\t\t<option value=\"\u00c9quipe TikTok\">TikTok Team<\/option>\n\t\t\t\t\t\t\t\t\t<option value=\"Autre\">Other<\/option>\n\t\t\t\t\t\t\t<\/select>\n\t\t<\/div>\n\t\t\t\t\t\t<\/div>\n\t\t\t\t\t\t\t\t<div class=\"elementor-field-type-text elementor-field-group elementor-column elementor-field-group-field_c65d67f elementor-col-25\">\n\t\t\t\t\t\t\t\t\t\t\t\t<label for=\"form-field-field_c65d67f\" class=\"elementor-field-label\">\n\t\t\t\t\t\t\t\tOther\t\t\t\t\t\t\t<\/label>\n\t\t\t\t\t\t\t\t\t\t\t\t\t\t<input size=\"1\" type=\"text\" name=\"form_fields[field_c65d67f]\" id=\"form-field-field_c65d67f\" class=\"elementor-field elementor-size-sm  elementor-field-textual\">\n\t\t\t\t\t\t\t\t\t\t\t<\/div>\n\t\t\t\t\t\t\t\t<div class=\"elementor-field-type-email elementor-field-group elementor-column elementor-field-group-email elementor-col-33 elementor-field-required elementor-mark-required\">\n\t\t\t\t\t\t\t\t\t\t\t\t<label for=\"form-field-email\" class=\"elementor-field-label\">\n\t\t\t\t\t\t\t\tEmail Address\t\t\t\t\t\t\t<\/label>\n\t\t\t\t\t\t\t\t\t\t\t\t\t\t<input size=\"1\" type=\"email\" name=\"form_fields[email]\" id=\"form-field-email\" class=\"elementor-field elementor-size-sm  elementor-field-textual\" placeholder=\"Email Address\" required=\"required\">\n\t\t\t\t\t\t\t\t\t\t\t<\/div>\n\t\t\t\t\t\t\t\t<div class=\"elementor-field-type-text elementor-field-group elementor-column elementor-field-group-field_ba0d547 elementor-col-33 elementor-field-required elementor-mark-required\">\n\t\t\t\t\t\t\t\t\t\t\t\t<label for=\"form-field-field_ba0d547\" class=\"elementor-field-label\">\n\t\t\t\t\t\t\t\tOrganization \/ Company Name\t\t\t\t\t\t\t<\/label>\n\t\t\t\t\t\t\t\t\t\t\t\t\t\t<input size=\"1\" type=\"text\" name=\"form_fields[field_ba0d547]\" id=\"form-field-field_ba0d547\" class=\"elementor-field elementor-size-sm  elementor-field-textual\" placeholder=\"Organization \/ Company Name\" required=\"required\">\n\t\t\t\t\t\t\t\t\t\t\t<\/div>\n\t\t\t\t\t\t\t\t<div class=\"elementor-field-type-select elementor-field-group elementor-column elementor-field-group-field_dc42e4e elementor-col-33 elementor-field-required elementor-mark-required\">\n\t\t\t\t\t\t\t\t\t\t\t\t<label for=\"form-field-field_dc42e4e\" class=\"elementor-field-label\">\n\t\t\t\t\t\t\t\tDietary Requirements \t\t\t\t\t\t\t<\/label>\n\t\t\t\t\t\t\t\t<div class=\"elementor-field elementor-select-wrapper remove-before\">\n\t\t\t<div class=\"select-caret-down-wrapper\">\n\t\t\t\t<svg aria-hidden=\"true\" class=\"e-font-icon-svg e-eicon-caret-down\" viewbox=\"0 0 571.4 571.4\" xmlns=\"http:\/\/www.w3.org\/2000\/svg\"><path d=\"M571 393Q571 407 561 418L311 668Q300 679 286 679T261 668L11 418Q0 407 0 393T11 368 36 357H536Q550 357 561 368T571 393Z\"><\/path><\/svg>\t\t\t<\/div>\n\t\t\t<select name=\"form_fields[field_dc42e4e]\" id=\"form-field-field_dc42e4e\" class=\"elementor-field-textual elementor-size-sm\" required=\"required\">\n\t\t\t\t\t\t\t\t\t<option value=\"Halaal\">Halaal<\/option>\n\t\t\t\t\t\t\t\t\t<option value=\"V\u00e9g\u00e9tarien\">Vegetarian<\/option>\n\t\t\t\t\t\t\t\t\t<option value=\"Casher\">Kosher<\/option>\n\t\t\t\t\t\t\t\t\t<option value=\"Banting\">Banting<\/option>\n\t\t\t\t\t\t\t\t\t<option value=\"Aucune \">None <\/option>\n\t\t\t\t\t\t\t\t\t<option value=\"Autre\">Other<\/option>\n\t\t\t\t\t\t\t<\/select>\n\t\t<\/div>\n\t\t\t\t\t\t<\/div>\n\t\t\t\t\t\t\t\t<div class=\"elementor-field-type-text elementor-field-group elementor-column elementor-field-group-field_1c1c6ec elementor-col-25\">\n\t\t\t\t\t\t\t\t\t\t\t\t<label for=\"form-field-field_1c1c6ec\" class=\"elementor-field-label\">\n\t\t\t\t\t\t\t\tOther\t\t\t\t\t\t\t<\/label>\n\t\t\t\t\t\t\t\t\t\t\t\t\t\t<input size=\"1\" type=\"text\" name=\"form_fields[field_1c1c6ec]\" id=\"form-field-field_1c1c6ec\" class=\"elementor-field elementor-size-sm  elementor-field-textual\">\n\t\t\t\t\t\t\t\t\t\t\t<\/div>\n\t\t\t\t\t\t\t\t<div class=\"elementor-field-type-checkbox elementor-field-group elementor-column elementor-field-group-field_5f47d59 elementor-col-50\">\n\t\t\t\t\t\t\t\t\t\t\t\t<label for=\"form-field-field_5f47d59\" class=\"elementor-field-label\">\n\t\t\t\t\t\t\t\tConsent for Photography and Media coverage\t\t\t\t\t\t\t<\/label>\n\t\t\t\t\t\t<div class=\"elementor-field-subgroup  elementor-subgroup-inline\"><span class=\"elementor-field-option\"><input type=\"checkbox\" value=\"Oui\" id=\"form-field-field_5f47d59-0\" name=\"form_fields[field_5f47d59]\"> <label for=\"form-field-field_5f47d59-0\">Oui<\/label><\/span><\/div>\t\t\t\t<\/div>\n\t\t\t\t\t\t\t\t<div class=\"elementor-field-type-checkbox elementor-field-group elementor-column elementor-field-group-field_98948c8 elementor-col-50\">\n\t\t\t\t\t\t\t\t\t\t\t\t<label for=\"form-field-field_98948c8\" class=\"elementor-field-label\">\n\t\t\t\t\t\t\t\tWould you like us to share the press release with you ?\t\t\t\t\t\t\t<\/label>\n\t\t\t\t\t\t<div class=\"elementor-field-subgroup  elementor-subgroup-inline\"><span class=\"elementor-field-option\"><input type=\"checkbox\" value=\"Oui\" id=\"form-field-field_98948c8-0\" name=\"form_fields[field_98948c8]\"> <label for=\"form-field-field_98948c8-0\">Oui<\/label><\/span><\/div>\t\t\t\t<\/div>\n\t\t\t\t\t\t\t\t<div class=\"elementor-field-group elementor-column elementor-field-type-submit elementor-col-100 e-form__buttons\">\n\t\t\t\t\t<button class=\"elementor-button elementor-size-sm\" type=\"submit\">\n\t\t\t\t\t\t<span class=\"elementor-button-content-wrapper\">\n\t\t\t\t\t\t\t\t\t\t\t\t\t\t\t<span class=\"elementor-button-icon\">\n\t\t\t\t\t\t\t\t\t<svg aria-hidden=\"true\" class=\"e-font-icon-svg e-fas-chevron-right\" viewbox=\"0 0 320 512\" xmlns=\"http:\/\/www.w3.org\/2000\/svg\"><path d=\"M285.476 272.971L91.132 467.314c-9.373 9.373-24.569 9.373-33.941 0l-22.667-22.667c-9.357-9.357-9.375-24.522-.04-33.901L188.505 256 34.484 101.255c-9.335-9.379-9.317-24.544.04-33.901l22.667-22.667c9.373-9.373 24.569-9.373 33.941 0L285.475 239.03c9.373 9.372 9.373 24.568.001 33.941z\"><\/path><\/svg>\t\t\t\t\t\t\t\t\t\t\t\t\t\t\t\t\t<\/span>\n\t\t\t\t\t\t\t\t\t\t\t\t\t\t\t\t\t\t\t\t\t\t<span class=\"elementor-button-text\">SUBMIT<\/span>\n\t\t\t\t\t\t\t\t\t\t\t\t\t<\/span>\n\t\t\t\t\t<\/button>\n\t\t\t\t<\/div>\n\t\t\t<\/div>\n\t\t<input type=\"hidden\" name=\"trp-form-language\" value=\"en\"\/><\/form>\n\t\t\t\t\t\t<\/div>\n\t\t\t\t<\/div>\n\t\t\t\t<\/div>\n\t\t\t\t<\/div>\n\t\t\t\t<\/div>","protected":false},"excerpt":{"rendered":"<p>Confirmez votre participation Veuillez compl\u00e9ter les champs ci-dessous.<\/p>","protected":false},"author":1,"featured_media":0,"parent":0,"menu_order":0,"comment_status":"closed","ping_status":"closed","template":"","meta":{"footnotes":""},"class_list":["post-107","page","type-page","status-publish","hentry"],"yoast_head":"<!-- This site is optimized with the Yoast SEO plugin v27.4 - https:\/\/yoast.com\/product\/yoast-seo-wordpress\/ -->\n<title>Inscription - TikTok Safety Summit<\/title>\n<meta name=\"robots\" content=\"index, follow, max-snippet:-1, max-image-preview:large, max-video-preview:-1\" \/>\n<link rel=\"canonical\" href=\"https:\/\/tiktokwestafricasafetysummit.com\/en\/inscription\/\" \/>\n<meta property=\"og:locale\" content=\"en_US\" \/>\n<meta property=\"og:type\" content=\"article\" \/>\n<meta property=\"og:title\" content=\"Inscription - TikTok Safety Summit\" \/>\n<meta property=\"og:description\" content=\"Confirmez votre participation Veuillez compl\u00e9ter les champs ci-dessous.\" \/>\n<meta property=\"og:url\" content=\"https:\/\/tiktokwestafricasafetysummit.com\/en\/inscription\/\" \/>\n<meta property=\"og:site_name\" content=\"TikTok Safety Summit\" \/>\n<meta property=\"article:modified_time\" content=\"2025-10-28T11:05:41+00:00\" \/>\n<meta name=\"twitter:card\" content=\"summary_large_image\" \/>\n<meta name=\"twitter:label1\" content=\"Est. reading time\" \/>\n\t<meta name=\"twitter:data1\" content=\"1 minute\" \/>\n<script type=\"application\/ld+json\" class=\"yoast-schema-graph\">{\"@context\":\"https:\\\/\\\/schema.org\",\"@graph\":[{\"@type\":\"WebPage\",\"@id\":\"https:\\\/\\\/tiktokwestafricasafetysummit.com\\\/inscription\\\/\",\"url\":\"https:\\\/\\\/tiktokwestafricasafetysummit.com\\\/inscription\\\/\",\"name\":\"Inscription - TikTok Safety Summit\",\"isPartOf\":{\"@id\":\"https:\\\/\\\/tiktokwestafricasafetysummit.com\\\/#website\"},\"datePublished\":\"2025-10-22T21:09:37+00:00\",\"dateModified\":\"2025-10-28T11:05:41+00:00\",\"breadcrumb\":{\"@id\":\"https:\\\/\\\/tiktokwestafricasafetysummit.com\\\/inscription\\\/#breadcrumb\"},\"inLanguage\":\"en-US\",\"potentialAction\":[{\"@type\":\"ReadAction\",\"target\":[\"https:\\\/\\\/tiktokwestafricasafetysummit.com\\\/inscription\\\/\"]}]},{\"@type\":\"BreadcrumbList\",\"@id\":\"https:\\\/\\\/tiktokwestafricasafetysummit.com\\\/inscription\\\/#breadcrumb\",\"itemListElement\":[{\"@type\":\"ListItem\",\"position\":1,\"name\":\"Home\",\"item\":\"https:\\\/\\\/tiktokwestafricasafetysummit.com\\\/\"},{\"@type\":\"ListItem\",\"position\":2,\"name\":\"Inscription\"}]},{\"@type\":\"WebSite\",\"@id\":\"https:\\\/\\\/tiktokwestafricasafetysummit.com\\\/#website\",\"url\":\"https:\\\/\\\/tiktokwestafricasafetysummit.com\\\/\",\"name\":\"TikTok Safety Summit\",\"description\":\"Rejoignez les experts, leaders de la soci\u00e9t\u00e9 civile et d\u00e9cideurs politiques pour adresser les d\u00e9fis de la s\u00e9curit\u00e9 en ligne en Afrique de l&#039;Ouest\",\"potentialAction\":[{\"@type\":\"SearchAction\",\"target\":{\"@type\":\"EntryPoint\",\"urlTemplate\":\"https:\\\/\\\/tiktokwestafricasafetysummit.com\\\/?s={search_term_string}\"},\"query-input\":{\"@type\":\"PropertyValueSpecification\",\"valueRequired\":true,\"valueName\":\"search_term_string\"}}],\"inLanguage\":\"en-US\"}]}<\/script>\n<!-- \/ Yoast SEO plugin. -->","yoast_head_json":{"title":"Inscription - TikTok Safety Summit","robots":{"index":"index","follow":"follow","max-snippet":"max-snippet:-1","max-image-preview":"max-image-preview:large","max-video-preview":"max-video-preview:-1"},"canonical":"https:\/\/tiktokwestafricasafetysummit.com\/en\/inscription\/","og_locale":"en_US","og_type":"article","og_title":"Inscription - TikTok Safety Summit","og_description":"Confirmez votre participation Veuillez compl\u00e9ter les champs ci-dessous.","og_url":"https:\/\/tiktokwestafricasafetysummit.com\/en\/inscription\/","og_site_name":"TikTok Safety Summit","article_modified_time":"2025-10-28T11:05:41+00:00","twitter_card":"summary_large_image","twitter_misc":{"Est. reading time":"1 minute"},"schema":{"@context":"https:\/\/schema.org","@graph":[{"@type":"WebPage","@id":"https:\/\/tiktokwestafricasafetysummit.com\/inscription\/","url":"https:\/\/tiktokwestafricasafetysummit.com\/inscription\/","name":"Inscription - TikTok Safety Summit","isPartOf":{"@id":"https:\/\/tiktokwestafricasafetysummit.com\/#website"},"datePublished":"2025-10-22T21:09:37+00:00","dateModified":"2025-10-28T11:05:41+00:00","breadcrumb":{"@id":"https:\/\/tiktokwestafricasafetysummit.com\/inscription\/#breadcrumb"},"inLanguage":"en-US","potentialAction":[{"@type":"ReadAction","target":["https:\/\/tiktokwestafricasafetysummit.com\/inscription\/"]}]},{"@type":"BreadcrumbList","@id":"https:\/\/tiktokwestafricasafetysummit.com\/inscription\/#breadcrumb","itemListElement":[{"@type":"ListItem","position":1,"name":"Home","item":"https:\/\/tiktokwestafricasafetysummit.com\/"},{"@type":"ListItem","position":2,"name":"Inscription"}]},{"@type":"WebSite","@id":"https:\/\/tiktokwestafricasafetysummit.com\/#website","url":"https:\/\/tiktokwestafricasafetysummit.com\/","name":"TikTok Safety Summit","description":"Rejoignez les experts, leaders de la soci\u00e9t\u00e9 civile et d\u00e9cideurs politiques pour adresser les d\u00e9fis de la s\u00e9curit\u00e9 en ligne en Afrique de l&#039;Ouest","potentialAction":[{"@type":"SearchAction","target":{"@type":"EntryPoint","urlTemplate":"https:\/\/tiktokwestafricasafetysummit.com\/?s={search_term_string}"},"query-input":{"@type":"PropertyValueSpecification","valueRequired":true,"valueName":"search_term_string"}}],"inLanguage":"en-US"}]}},"_links":{"self":[{"href":"https:\/\/tiktokwestafricasafetysummit.com\/en\/wp-json\/wp\/v2\/pages\/107","targetHints":{"allow":["GET"]}}],"collection":[{"href":"https:\/\/tiktokwestafricasafetysummit.com\/en\/wp-json\/wp\/v2\/pages"}],"about":[{"href":"https:\/\/tiktokwestafricasafetysummit.com\/en\/wp-json\/wp\/v2\/types\/page"}],"author":[{"embeddable":true,"href":"https:\/\/tiktokwestafricasafetysummit.com\/en\/wp-json\/wp\/v2\/users\/1"}],"replies":[{"embeddable":true,"href":"https:\/\/tiktokwestafricasafetysummit.com\/en\/wp-json\/wp\/v2\/comments?post=107"}],"version-history":[{"count":189,"href":"https:\/\/tiktokwestafricasafetysummit.com\/en\/wp-json\/wp\/v2\/pages\/107\/revisions"}],"predecessor-version":[{"id":558,"href":"https:\/\/tiktokwestafricasafetysummit.com\/en\/wp-json\/wp\/v2\/pages\/107\/revisions\/558"}],"wp:attachment":[{"href":"https:\/\/tiktokwestafricasafetysummit.com\/en\/wp-json\/wp\/v2\/media?parent=107"}],"curies":[{"name":"wp","href":"https:\/\/api.w.org\/{rel}","templated":true}]}}