{"id":10,"date":"2025-10-22T21:51:57","date_gmt":"2025-10-22T19:51:57","guid":{"rendered":"https:\/\/lfgab.net\/tss\/?page_id=10"},"modified":"2025-10-27T17:47:11","modified_gmt":"2025-10-27T16:47:11","slug":"accueil","status":"publish","type":"page","link":"https:\/\/tiktokwestafricasafetysummit.com\/en\/","title":{"rendered":"Accueil"},"content":{"rendered":"<div data-elementor-type=\"wp-page\" data-elementor-id=\"10\" class=\"elementor elementor-10\" data-elementor-post-type=\"page\">\n\t\t\t\t<div class=\"elementor-element elementor-element-c431d47 e-flex e-con-boxed e-con e-parent\" data-id=\"c431d47\" data-element_type=\"container\" data-e-type=\"container\" data-settings=\"{&quot;background_background&quot;:&quot;classic&quot;}\">\n\t\t\t\t\t<div class=\"e-con-inner\">\n\t\t<div class=\"elementor-element elementor-element-8329b52 e-con-full e-flex e-con e-child\" data-id=\"8329b52\" data-element_type=\"container\" data-e-type=\"container\">\n\t\t<div class=\"elementor-element elementor-element-f05ec36 e-con-full e-flex e-con e-child\" data-id=\"f05ec36\" data-element_type=\"container\" data-e-type=\"container\">\n\t\t\t\t<div class=\"elementor-element elementor-element-bb349b9 elementor-widget elementor-widget-heading\" data-id=\"bb349b9\" data-element_type=\"widget\" data-e-type=\"widget\" data-widget_type=\"heading.default\">\n\t\t\t\t\t<h6 class=\"elementor-heading-title elementor-size-default\">Choisir votre langue \/ Choose your language preference<\/h6>\t\t\t\t<\/div>\n\t\t\t\t<\/div>\n\t\t<div class=\"elementor-element elementor-element-1e6c62a e-con-full e-flex e-con e-child\" data-id=\"1e6c62a\" data-element_type=\"container\" data-e-type=\"container\">\n\t\t\t\t<div class=\"elementor-element elementor-element-a11dc80 elementor-align-center elementor-widget elementor-widget-button\" data-id=\"a11dc80\" data-element_type=\"widget\" data-e-type=\"widget\" data-widget_type=\"button.default\">\n\t\t\t\t\t\t\t\t\t\t<a class=\"elementor-button elementor-button-link elementor-size-sm\" href=\"https:\/\/tiktokwestafricasafetysummit.com\/en\/langues\">\n\t\t\t\t\t\t<span class=\"elementor-button-content-wrapper\">\n\t\t\t\t\t\t\t\t\t<span class=\"elementor-button-text\">English<\/span>\n\t\t\t\t\t<\/span>\n\t\t\t\t\t<\/a>\n\t\t\t\t\t\t\t\t<\/div>\n\t\t\t\t<div class=\"elementor-element elementor-element-ca9bfce elementor-align-center elementor-widget elementor-widget-button\" data-id=\"ca9bfce\" data-element_type=\"widget\" data-e-type=\"widget\" data-widget_type=\"button.default\">\n\t\t\t\t\t\t\t\t\t\t<a class=\"elementor-button elementor-button-link elementor-size-sm\" href=\"https:\/\/tiktokwestafricasafetysummit.com\/en\/fr\/langues\/\">\n\t\t\t\t\t\t<span class=\"elementor-button-content-wrapper\">\n\t\t\t\t\t\t\t\t\t<span class=\"elementor-button-text\">Fran\u00e7ais<\/span>\n\t\t\t\t\t<\/span>\n\t\t\t\t\t<\/a>\n\t\t\t\t\t\t\t\t<\/div>\n\t\t\t\t<\/div>\n\t\t\t\t<\/div>\n\t\t\t\t\t<\/div>\n\t\t\t\t<\/div>\n\t\t\t\t<\/div>","protected":false},"excerpt":{"rendered":"<p>Choisir votre langue \/ Choose your language preference English Fran\u00e7ais<\/p>","protected":false},"author":1,"featured_media":0,"parent":0,"menu_order":0,"comment_status":"closed","ping_status":"closed","template":"","meta":{"footnotes":""},"class_list":["post-10","page","type-page","status-publish","hentry"],"yoast_head":"<!-- This site is optimized with the Yoast SEO plugin v27.4 - https:\/\/yoast.com\/product\/yoast-seo-wordpress\/ -->\n<title>Accueil - TikTok Safety Summit<\/title>\n<meta name=\"robots\" content=\"index, follow, max-snippet:-1, max-image-preview:large, max-video-preview:-1\" \/>\n<link rel=\"canonical\" href=\"https:\/\/tiktokwestafricasafetysummit.com\/en\/\" \/>\n<meta property=\"og:locale\" content=\"en_US\" \/>\n<meta property=\"og:type\" content=\"article\" \/>\n<meta property=\"og:title\" content=\"Accueil - TikTok Safety Summit\" \/>\n<meta property=\"og:description\" content=\"Choisir votre langue \/ Choose your language preference English Fran\u00e7ais\" \/>\n<meta property=\"og:url\" content=\"https:\/\/tiktokwestafricasafetysummit.com\/en\/\" \/>\n<meta property=\"og:site_name\" content=\"TikTok Safety Summit\" \/>\n<meta property=\"article:modified_time\" content=\"2025-10-27T16:47:11+00:00\" \/>\n<meta name=\"twitter:card\" content=\"summary_large_image\" \/>\n<meta name=\"twitter:label1\" content=\"Est. reading time\" \/>\n\t<meta name=\"twitter:data1\" content=\"1 minute\" \/>\n<script type=\"application\/ld+json\" class=\"yoast-schema-graph\">{\"@context\":\"https:\\\/\\\/schema.org\",\"@graph\":[{\"@type\":\"WebPage\",\"@id\":\"https:\\\/\\\/tiktokwestafricasafetysummit.com\\\/\",\"url\":\"https:\\\/\\\/tiktokwestafricasafetysummit.com\\\/\",\"name\":\"Accueil - TikTok Safety Summit\",\"isPartOf\":{\"@id\":\"https:\\\/\\\/tiktokwestafricasafetysummit.com\\\/#website\"},\"datePublished\":\"2025-10-22T19:51:57+00:00\",\"dateModified\":\"2025-10-27T16:47:11+00:00\",\"breadcrumb\":{\"@id\":\"https:\\\/\\\/tiktokwestafricasafetysummit.com\\\/#breadcrumb\"},\"inLanguage\":\"en-US\",\"potentialAction\":[{\"@type\":\"ReadAction\",\"target\":[\"https:\\\/\\\/tiktokwestafricasafetysummit.com\\\/\"]}]},{\"@type\":\"BreadcrumbList\",\"@id\":\"https:\\\/\\\/tiktokwestafricasafetysummit.com\\\/#breadcrumb\",\"itemListElement\":[{\"@type\":\"ListItem\",\"position\":1,\"name\":\"Home\",\"item\":\"https:\\\/\\\/tiktokwestafricasafetysummit.com\\\/\"},{\"@type\":\"ListItem\",\"position\":2,\"name\":\"Accueil\"}]},{\"@type\":\"WebSite\",\"@id\":\"https:\\\/\\\/tiktokwestafricasafetysummit.com\\\/#website\",\"url\":\"https:\\\/\\\/tiktokwestafricasafetysummit.com\\\/\",\"name\":\"TikTok Safety Summit\",\"description\":\"Rejoignez les experts, leaders de la soci\u00e9t\u00e9 civile et d\u00e9cideurs politiques pour adresser les d\u00e9fis de la s\u00e9curit\u00e9 en ligne en Afrique de l&#039;Ouest\",\"potentialAction\":[{\"@type\":\"SearchAction\",\"target\":{\"@type\":\"EntryPoint\",\"urlTemplate\":\"https:\\\/\\\/tiktokwestafricasafetysummit.com\\\/?s={search_term_string}\"},\"query-input\":{\"@type\":\"PropertyValueSpecification\",\"valueRequired\":true,\"valueName\":\"search_term_string\"}}],\"inLanguage\":\"en-US\"}]}<\/script>\n<!-- \/ Yoast SEO plugin. -->","yoast_head_json":{"title":"Accueil - TikTok Safety Summit","robots":{"index":"index","follow":"follow","max-snippet":"max-snippet:-1","max-image-preview":"max-image-preview:large","max-video-preview":"max-video-preview:-1"},"canonical":"https:\/\/tiktokwestafricasafetysummit.com\/en\/","og_locale":"en_US","og_type":"article","og_title":"Accueil - TikTok Safety Summit","og_description":"Choisir votre langue \/ Choose your language preference English Fran\u00e7ais","og_url":"https:\/\/tiktokwestafricasafetysummit.com\/en\/","og_site_name":"TikTok Safety Summit","article_modified_time":"2025-10-27T16:47:11+00:00","twitter_card":"summary_large_image","twitter_misc":{"Est. reading time":"1 minute"},"schema":{"@context":"https:\/\/schema.org","@graph":[{"@type":"WebPage","@id":"https:\/\/tiktokwestafricasafetysummit.com\/","url":"https:\/\/tiktokwestafricasafetysummit.com\/","name":"Accueil - TikTok Safety Summit","isPartOf":{"@id":"https:\/\/tiktokwestafricasafetysummit.com\/#website"},"datePublished":"2025-10-22T19:51:57+00:00","dateModified":"2025-10-27T16:47:11+00:00","breadcrumb":{"@id":"https:\/\/tiktokwestafricasafetysummit.com\/#breadcrumb"},"inLanguage":"en-US","potentialAction":[{"@type":"ReadAction","target":["https:\/\/tiktokwestafricasafetysummit.com\/"]}]},{"@type":"BreadcrumbList","@id":"https:\/\/tiktokwestafricasafetysummit.com\/#breadcrumb","itemListElement":[{"@type":"ListItem","position":1,"name":"Home","item":"https:\/\/tiktokwestafricasafetysummit.com\/"},{"@type":"ListItem","position":2,"name":"Accueil"}]},{"@type":"WebSite","@id":"https:\/\/tiktokwestafricasafetysummit.com\/#website","url":"https:\/\/tiktokwestafricasafetysummit.com\/","name":"TikTok Safety Summit","description":"Rejoignez les experts, leaders de la soci\u00e9t\u00e9 civile et d\u00e9cideurs politiques pour adresser les d\u00e9fis de la s\u00e9curit\u00e9 en ligne en Afrique de l&#039;Ouest","potentialAction":[{"@type":"SearchAction","target":{"@type":"EntryPoint","urlTemplate":"https:\/\/tiktokwestafricasafetysummit.com\/?s={search_term_string}"},"query-input":{"@type":"PropertyValueSpecification","valueRequired":true,"valueName":"search_term_string"}}],"inLanguage":"en-US"}]}},"_links":{"self":[{"href":"https:\/\/tiktokwestafricasafetysummit.com\/en\/wp-json\/wp\/v2\/pages\/10","targetHints":{"allow":["GET"]}}],"collection":[{"href":"https:\/\/tiktokwestafricasafetysummit.com\/en\/wp-json\/wp\/v2\/pages"}],"about":[{"href":"https:\/\/tiktokwestafricasafetysummit.com\/en\/wp-json\/wp\/v2\/types\/page"}],"author":[{"embeddable":true,"href":"https:\/\/tiktokwestafricasafetysummit.com\/en\/wp-json\/wp\/v2\/users\/1"}],"replies":[{"embeddable":true,"href":"https:\/\/tiktokwestafricasafetysummit.com\/en\/wp-json\/wp\/v2\/comments?post=10"}],"version-history":[{"count":39,"href":"https:\/\/tiktokwestafricasafetysummit.com\/en\/wp-json\/wp\/v2\/pages\/10\/revisions"}],"predecessor-version":[{"id":519,"href":"https:\/\/tiktokwestafricasafetysummit.com\/en\/wp-json\/wp\/v2\/pages\/10\/revisions\/519"}],"wp:attachment":[{"href":"https:\/\/tiktokwestafricasafetysummit.com\/en\/wp-json\/wp\/v2\/media?parent=10"}],"curies":[{"name":"wp","href":"https:\/\/api.w.org\/{rel}","templated":true}]}}